{"id":904,"date":"2017-04-23T21:40:03","date_gmt":"2017-04-23T19:40:03","guid":{"rendered":"http:\/\/www.parroquiavirgendelcortijo.es\/?page_id=904"},"modified":"2017-04-23T21:40:18","modified_gmt":"2017-04-23T19:40:18","slug":"la-adoracion-nocturna-en-espana","status":"publish","type":"page","link":"https:\/\/www.parroquiavirgendelcortijo.es\/?page_id=904","title":{"rendered":"La Adoraci\u00f3n Nocturna en Espa\u00f1a"},"content":{"rendered":"<p>La Adoraci\u00f3n Nocturna Espa\u00f1ola la inicia el Siervo de Dios, Luis de Trelles y Noguerol, nacido en Vivero, Lugo) el 20 de Agosto de 1819, fallecido en Zamora el1 de Julio de 1891. Sus restos descansan en la Catedral de esta ciudad.<\/p>\n<p>Curs\u00f3 estudios en el Seminario de Mondo\u00f1edo y Leyes en Santiago de Compostela. Ejerci\u00f3 la abogac\u00eda en Vivero, La Coru\u00f1a y Madrid. Fue Auditor en la jurisdicci\u00f3n militar, y escritor en diversos peri\u00f3dicos y revistas, as\u00ed como director de \u201cEl Oriente\u201d. Diputado en el Congreso de 1853 y 1871. Se le concedi\u00f3 la Condecoraci\u00f3n de la Real Orden de Carlos lll por sus servicios al Estado.<\/p>\n<p>Casado en 1863, en Madrid, tuvo tres hijos.<\/p>\n<p>En 1862 conoce en Par\u00eds la Adoraci\u00f3n Nocturna a trav\u00e9s de la Adoraci\u00f3n fundada por Hermann Cohen y se decide a fundarlo en Espa\u00f1a. Se le considera Ap\u00f3stol de la Eucarist\u00eda en el siglo XlX por sus Obras Eucar\u00edsticas, impulsando:<\/p>\n<p>En 1858 las Conferencias de san Vicente de Paul; en 1868 el Culto Continuo a Jes\u00fas Sacramentado; en 1870 funda la revista \u201cLa L\u00e1mpara del Santuario\u201d de la que fue Propietario, Director y Redactor. Esta revista mensual aun est\u00e1 vigente en Espa\u00f1a.<\/p>\n<p>En 1877 funda la Adoraci\u00f3n Nocturna en Espa\u00f1a que extiende por todo el pa\u00eds con m\u00e1s de 50 secciones, y en 1881 funda \u201cLas Camareras de Jes\u00fas Sacramentado\u201d con m\u00e1s de 30 secciones.<\/p>\n<p>En todo momento se distingui\u00f3 por su entrega al pr\u00f3jimo, sobre todo en la lll guerra Civil Carlista, crenado una comisi\u00f3n para el Canje de prisioneros, siendo nombrado comisario General de Canjes de 1873 a 1876, consiguiendo liberar de la muerte o cautiverio a m\u00e1s de 20.000 prisioneros.<\/p>\n<p>La congregaci\u00f3n para la Causa de los Santos ha difundido un decreto, firmado por el Papa Francisco, en el que se reconocen las Virtudes Heroicas de Luis de Trelles y Noguerol, fundador de la A.N.E. en 1877, en la condici\u00f3n de \u201cVenerable\u201d.<\/p>\n<p>Se puede consultar m\u00e1s informaci\u00f3n en las p\u00e1ginas web de la <a href=\"http:\/\/www.adoracion-nocturna.org\/\">Adoraci\u00f3n Nocturna Espa\u00f1ola<\/a> y de la \u00a0<a href=\"http:\/\/www.fundaciontrelles.org\">Fundaci\u00f3n Luis de Trelles<\/a>.<\/p>\n","protected":false},"excerpt":{"rendered":"<p>La Adoraci\u00f3n Nocturna Espa\u00f1ola la inicia el Siervo de Dios, Luis de Trelles y Noguerol, nacido en Vivero, Lugo) el 20 de Agosto de 1819, fallecido en Zamora el1 de &hellip; <a href=\"https:\/\/www.parroquiavirgendelcortijo.es\/?page_id=904\" class=\"more-link\">Seguir leyendo <span class=\"screen-reader-text\">La Adoraci\u00f3n Nocturna en Espa\u00f1a<\/span> <span class=\"meta-nav\">&rarr;<\/span><\/a><\/p>\n","protected":false},"author":1,"featured_media":0,"parent":690,"menu_order":2,"comment_status":"closed","ping_status":"closed","template":"","meta":{"footnotes":""},"class_list":["post-904","page","type-page","status-publish","hentry"],"_links":{"self":[{"href":"https:\/\/www.parroquiavirgendelcortijo.es\/index.php?rest_route=\/wp\/v2\/pages\/904","targetHints":{"allow":["GET"]}}],"collection":[{"href":"https:\/\/www.parroquiavirgendelcortijo.es\/index.php?rest_route=\/wp\/v2\/pages"}],"about":[{"href":"https:\/\/www.parroquiavirgendelcortijo.es\/index.php?rest_route=\/wp\/v2\/types\/page"}],"author":[{"embeddable":true,"href":"https:\/\/www.parroquiavirgendelcortijo.es\/index.php?rest_route=\/wp\/v2\/users\/1"}],"replies":[{"embeddable":true,"href":"https:\/\/www.parroquiavirgendelcortijo.es\/index.php?rest_route=%2Fwp%2Fv2%2Fcomments&post=904"}],"version-history":[{"count":2,"href":"https:\/\/www.parroquiavirgendelcortijo.es\/index.php?rest_route=\/wp\/v2\/pages\/904\/revisions"}],"predecessor-version":[{"id":906,"href":"https:\/\/www.parroquiavirgendelcortijo.es\/index.php?rest_route=\/wp\/v2\/pages\/904\/revisions\/906"}],"up":[{"embeddable":true,"href":"https:\/\/www.parroquiavirgendelcortijo.es\/index.php?rest_route=\/wp\/v2\/pages\/690"}],"wp:attachment":[{"href":"https:\/\/www.parroquiavirgendelcortijo.es\/index.php?rest_route=%2Fwp%2Fv2%2Fmedia&parent=904"}],"curies":[{"name":"wp","href":"https:\/\/api.w.org\/{rel}","templated":true}]}}