{"id":680,"date":"2016-10-12T19:53:54","date_gmt":"2016-10-12T17:53:54","guid":{"rendered":"http:\/\/www.parroquiavirgendelcortijo.es\/?page_id=680"},"modified":"2021-10-23T20:19:00","modified_gmt":"2021-10-23T18:19:00","slug":"pastoral-de-la-salud","status":"publish","type":"page","link":"https:\/\/www.parroquiavirgendelcortijo.es\/?page_id=680","title":{"rendered":"Pastoral de la salud"},"content":{"rendered":"<blockquote><p><span style=\"color: #993366;\">4Venid a m\u00ed todos los que est\u00e1is cansados y agobiados y yo os<\/span><br \/>\n<span style=\"color: #993366;\">aliviar\u00e9.<\/span><\/p>\n<p style=\"text-align: right;\"><a href=\"https:\/\/conferenciaepiscopal.es\/biblia\/mateo\/#cap11\" target=\"_blank\" rel=\"noopener noreferrer\">Mateo 11, 28<\/a><\/p>\n<\/blockquote>\n<p>La Pastoral de la Salud es un grupo de voluntarios al servicio de Dios para llevar a los enfermos el rostro amoroso de Cristo, guiados por el Esp\u00edritu Santo; algunas veces en silencio, otras atentos a visitar, acompa\u00f1ar, escuchar, y todo para llevar el amor de Dios a aquel que lo necesite.<\/p>\n<p><span style=\"color: #993366;\">La acci\u00f3n pastoral<\/span> comienza con el don de la presencia.<\/p>\n<p>La presencia es el fundamento y el pilar en el que se apoya todo el edificio pastoral. En primer\u00a0lugar, estar presentes significa tomar la iniciativa de visitar y estar con el enfermo.<\/p>\n<p>En segundo lugar, la presencia f\u00edsica no basta, hay que revestirla de actitudes de delicadeza, discreci\u00f3n y humanidad. El estar con el enfermo debe ser activo y hacer visible la cercan\u00eda de Dios en medio del sufrimiento. Entonces la presencia se hace buena noticia, gracia y bendici\u00f3n. Del modo en que se saluda y se entra en el espacio del enfermo brotan consecuencias para el desarrollo del enfermo.<\/p>\n<blockquote><p>OBSERVAR, ESCUCHAR , RESPONDER.<\/p>\n<p style=\"text-align: right;\">Arnaldo Pangrazzi. <em>Dejarse curar por Jes\u00fas<\/em>.<\/p>\n<\/blockquote>\n<p>La parroquia Virgen del Cortijo es la encargada de coordinar la atenci\u00f3n pastoral a los enfermos del <a href=\"https:\/\/www.hmsanchinarro.com\">Hospital Universitario HM\u00a0Sanchinarro<\/a>.<\/p>\n<p>En la recepci\u00f3n del hospital se pueden solicitar los siguientes servicios:<\/p>\n<ul>\n<li>Visita diaria a los enfermos y administraci\u00f3n de la Sagrada Comuni\u00f3n<\/li>\n<li>Sacramento de la Confesi\u00f3n<\/li>\n<li>Sacramento de Unci\u00f3n de los enfermos<\/li>\n<li>Responsorios<\/li>\n<li>Celebraci\u00f3n de Exequias\u00a0(misa de difuntos)<\/li>\n<\/ul>\n<p>Adicionalmente, se celebran las siguientes actividades extraordinarias:<\/p>\n<ul>\n<li>En Navidad:\n<ul>\n<li>Sembradores de estrellas (s\u00e1bado anterior al d\u00eda de Navidad)<\/li>\n<li>Visita de SSMM los Reyes Magos (5 de enero)<\/li>\n<\/ul>\n<\/li>\n<li>Celebraci\u00f3n del d\u00eda del enfermo (11 de febrero)<\/li>\n<li>Pascua del enfermo (5\u00aa de Pascua)<\/li>\n<li>En Cuaresma:\n<ul>\n<li>Imposici\u00f3n de la Ceniza<\/li>\n<li>Procesi\u00f3n y entrega de ramos bendecidos (Domingo de Ramos)<\/li>\n<\/ul>\n<\/li>\n<\/ul>\n<blockquote><p>\u201cNo est\u00e1 en nuestro poder el concederos la salud corporal ni tampoco la disminuci\u00f3n de vuestros dolores f\u00edsicos [\u2026] pero tenemos una cosa m\u00e1s profunda y preciosa que ofreceros [&#8230;] Cristo no suprimi\u00f3 el sufrimiento y tampoco ha querido desvelarnos enteramente su misterio: \u00c9l lo tom\u00f3 sobre s\u00ed, y eso es bastante para que nosotros comprendamos todo su valor\u201d.<\/p>\n<p style=\"padding-left: 40px;\">Pablo VI, Clausura del Concilio Ecum\u00e9nico Vaticano II. Mensaje a los pobres, a los enfermos y a todos los que sufren, 8 diciembre 1965<\/p>\n<\/blockquote>\n<h3>Alabanza con Mar\u00eda<\/h3>\n<p>Tenemos el auxilio de la oraci\u00f3n a trav\u00e9s de esta experiencia de rezar por todos los enfermos, nominativamente, en la capilla del Hospital.<\/p>\n<h5 style=\"text-align: center;\">Env\u00edame a alguien, Se\u00f1or<\/h5>\n<p style=\"text-align: center;\">Env\u00edame a alguien, Se\u00f1or,<br \/>\nque tenga tiempo para estar conmigo;<br \/>\nque venga a verme,<br \/>\nque me regale su presencia<br \/>\ny rompa tiernamente<br \/>\nel pesado silencio de mis d\u00edas.<br \/>\nEnv\u00edame a alguien, Se\u00f1or,<br \/>\nque me sonr\u00eda y piense conmigo;<br \/>\nque se sienta libre<br \/>\npara poner su mano<br \/>\nen mi coraz\u00f3n dolorido<br \/>\ny saque a la luz<br \/>\nmis m\u00e1s \u00edntimos pensamientos.<br \/>\nEnv\u00edame a alguien, Se\u00f1or,<br \/>\nrico de humanidad, rico de Ti,<br \/>\nque me ofrezca<br \/>\nel don de tu Palabra,<br \/>\nel alimento de tu Cuerpo<br \/>\ny la comuni\u00f3n con tu Iglesia.<br \/>\nQue un d\u00eda, Se\u00f1or,<br \/>\npuedan o\u00edr de Ti:<br \/>\n\u00abVengan benditos de mi Padre,<br \/>\nporque estuve enfermo<br \/>\ny me visitaron.\u00bb<\/p>\n<p>&nbsp;<\/p>\n<p>La vocaci\u00f3n y esp\u00edritu que gu\u00eda esta Pastoral es ofrecer nuestro cuerpo y nuestro tiempo para estar contigo, para que Dios se haga presente y muestre toda su ternura hacia ti, que se te hace tan pesado el tiempo y la soledad.<\/p>\n<p>Nuestro deseo es llevarte una sonrisa, que te haga sentirte libre y que tu coraz\u00f3n dolorido se sienta\u00a0libre para expresar sus m\u00e1s \u00edntimos pensamientos.<\/p>\n<p>Deseamos llevarte el don de la Palabra, que expresa todo lo que Dios siente por ti, el alimento de su\u00a0Cuerpo, que lleva con \u00c9l, Vida Eterna.<\/p>\n<p>Que te sientas bendito de Dios que te ama y te visita en el dolor y la enfermedad.<\/p>\n<p>&nbsp;<\/p>\n<p>La revista <a href=\"https:\/\/alfayomega.es\/\" target=\"_blank\" rel=\"noopener\">Alfa y Omega<\/a> public\u00f3 un <a href=\"https:\/\/alfayomega.es\/tu-has-tenido-cancer-y-sabes-como-tratar-a-los-enfermos\/\" target=\"_blank\" rel=\"noopener\">art\u00edculo sobre la pastoral de la salud de nuestra parroquia<\/a>.<\/p>\n","protected":false},"excerpt":{"rendered":"<p>4Venid a m\u00ed todos los que est\u00e1is cansados y agobiados y yo os aliviar\u00e9. Mateo 11, 28 La Pastoral de la Salud es un grupo de voluntarios al servicio de &hellip; <a href=\"https:\/\/www.parroquiavirgendelcortijo.es\/?page_id=680\" class=\"more-link\">Seguir leyendo <span class=\"screen-reader-text\">Pastoral de la salud<\/span> <span class=\"meta-nav\">&rarr;<\/span><\/a><\/p>\n","protected":false},"author":1,"featured_media":1568,"parent":60,"menu_order":4,"comment_status":"closed","ping_status":"closed","template":"","meta":{"footnotes":""},"class_list":["post-680","page","type-page","status-publish","has-post-thumbnail","hentry"],"_links":{"self":[{"href":"https:\/\/www.parroquiavirgendelcortijo.es\/index.php?rest_route=\/wp\/v2\/pages\/680","targetHints":{"allow":["GET"]}}],"collection":[{"href":"https:\/\/www.parroquiavirgendelcortijo.es\/index.php?rest_route=\/wp\/v2\/pages"}],"about":[{"href":"https:\/\/www.parroquiavirgendelcortijo.es\/index.php?rest_route=\/wp\/v2\/types\/page"}],"author":[{"embeddable":true,"href":"https:\/\/www.parroquiavirgendelcortijo.es\/index.php?rest_route=\/wp\/v2\/users\/1"}],"replies":[{"embeddable":true,"href":"https:\/\/www.parroquiavirgendelcortijo.es\/index.php?rest_route=%2Fwp%2Fv2%2Fcomments&post=680"}],"version-history":[{"count":13,"href":"https:\/\/www.parroquiavirgendelcortijo.es\/index.php?rest_route=\/wp\/v2\/pages\/680\/revisions"}],"predecessor-version":[{"id":2648,"href":"https:\/\/www.parroquiavirgendelcortijo.es\/index.php?rest_route=\/wp\/v2\/pages\/680\/revisions\/2648"}],"up":[{"embeddable":true,"href":"https:\/\/www.parroquiavirgendelcortijo.es\/index.php?rest_route=\/wp\/v2\/pages\/60"}],"wp:featuredmedia":[{"embeddable":true,"href":"https:\/\/www.parroquiavirgendelcortijo.es\/index.php?rest_route=\/wp\/v2\/media\/1568"}],"wp:attachment":[{"href":"https:\/\/www.parroquiavirgendelcortijo.es\/index.php?rest_route=%2Fwp%2Fv2%2Fmedia&parent=680"}],"curies":[{"name":"wp","href":"https:\/\/api.w.org\/{rel}","templated":true}]}}