{"id":676,"date":"2016-10-04T23:16:57","date_gmt":"2016-10-04T21:16:57","guid":{"rendered":"http:\/\/www.parroquiavirgendelcortijo.es\/?page_id=676"},"modified":"2021-10-23T19:23:46","modified_gmt":"2021-10-23T17:23:46","slug":"catequesis-de-adultos","status":"publish","type":"page","link":"https:\/\/www.parroquiavirgendelcortijo.es\/?page_id=676","title":{"rendered":"Catequesis de adultos \/ Camino Neocatecumenal"},"content":{"rendered":"<p>Actualmente, es una pr\u00e1ctica com\u00fan bautizar a los ni\u00f1os durante los primeros meses de vida, fundamentado en la fe de la Iglesia en general y de sus padres y padrinos en particular. Para que estos ni\u00f1os alcancen una fe adulta que d\u00e9 frutos de vida eterna, es necesario que recorran un itinerario de formaci\u00f3n cristiana cuya importancia resalta el catecismo de la Iglesia Cat\u00f3lica:<\/p>\n<blockquote><p><span style=\"color: #993366;\">\u201cDesde que el bautismo de los ni\u00f1os vino a ser la forma habitual de celebraci\u00f3n de este sacramento, \u00e9sta se ha convertido en un acto \u00fanico que integra de manera muy abreviada las etapas previas a la iniciaci\u00f3n cristiana. Por su naturaleza misma, el Bautismo de ni\u00f1os exige un catecumenado postbautismal. No se trata s\u00f3lo de la necesidad de una instrucci\u00f3n posterior al Bautismo, sino del desarrollo necesario de la gracia bautismal en el crecimiento de la persona. Es el momento propio de la catequesis.\u201d (CEE 1231).<\/span><\/p><\/blockquote>\n<p>Este <span style=\"color: #993366;\">catecumenado postbautismal<\/span> es dirigido en nuestra Parroquia por los catequistas del <span style=\"color: #993366;\">Camino Neocatecumenal<\/span>. Actualmente tenemos cuatro comunidades que caminan a la renovaci\u00f3n de su bautismo como adultos y una <em>Comunidad en Misi\u00f3n<\/em> que est\u00e1 al servicio de la <a href=\"http:\/\/www.parroquiavirgendelcortijo.es\/?page_id=1053\">Pastoral para los Alejados<\/a>.<\/p>\n<p>San Juan Pablo II, en su carta \u201cOgni Qualvolta\u201d del 30 de agosto de 1990, confirm\u00f3 la idoneidad del Camino Neocatecumenal como lugar de gestaci\u00f3n a la fe adulta diciendo:<\/p>\n<blockquote><p><span style=\"color: #993366;\">\u201c\u2026 reconozco el Camino Neocatecumenal como un itinerario de formaci\u00f3n cat\u00f3lica, v\u00e1lida para la sociedad y para los tiempos de hoy\u201d<\/span><\/p><\/blockquote>\n<p>(la carta completa de Juan Pablo II, disponible <a href=\"http:\/\/w2.vatican.va\/content\/john-paul-ii\/es\/letters\/1990\/documents\/hf_jp-ii_let_19900830_ogni-qualvolta.html\" target=\"_blank\" rel=\"noopener noreferrer\">aqu\u00ed<\/a>).<\/p>\n<p>Las catequesis de inicio del Camino Neocatecumenal para adultos y j\u00f3venes se imparten <span style=\"color: #993366;\">una vez al a\u00f1o<\/span>, normalmente en oto\u00f1o. Los nuevos catec\u00famenos, despu\u00e9s de esta fase de conversi\u00f3n, forman una peque\u00f1a comunidad en la que, paso a paso, ir\u00e1n redescubriendo el verdadero sentido de su Bautismo.<\/p>\n<p>El mismo Kiko Arg\u00fcello, iniciador del Camino Neocatecumenal, explica la praxis que rige la vida de la comunidad durante el tiempo del <span style=\"color: #993366;\">catecumenado<\/span>:<\/p>\n<blockquote><p>\u201cLas catequesis iniciales ponen en evidencia la centralidad que tiene en la vida cristiana el misterio pascual de nuestro Se\u00f1or Jesucristo.<\/p>\n<p>Los hermanos escuchan el <span style=\"color: #993366;\">k\u00e9rygma<\/span> y lo celebran en la liturgia de la reconciliaci\u00f3n, de la palabra y de la eucarist\u00eda.<\/p>\n<p>De ese modo experimentan c\u00f3mo resuena profundamente su fe. La fortalecen actualizando la iniciativa gratuita de Dios que, a trav\u00e9s de la Iglesia, salva al hombre pecador y lo resucita a la vida nueva.<\/p>\n<p>De ese modo la comunidad que se forma est\u00e1 en condiciones de empezar un camino de <span style=\"color: #993366;\">crecimiento en la fe<\/span> y de redescubrimiento de los sacramentos de la iniciaci\u00f3n cristiana, basado en el tr\u00edpode: <strong>Palabra<\/strong>, <strong>Liturgia y<\/strong> <strong>Comunidad<\/strong>.<\/p>\n<p>Una vez a la semana, la comunidad celebra la <span style=\"color: #993366;\">Palabra de Dios<\/span>, siguiendo el esquema antiguo de las 4 lecturas (la primera de la Tor\u00e1, la segunda de los Profetas, la tercera de los Hechos de los Ap\u00f3stoles, de las Ep\u00edstolas o del Apocalipsis, la cuarta de los Santos Evangelios), para iniciarse en el lenguaje con el que Dios ha hablado a los hombres, empezando por los temas m\u00e1s sencillos que recorren toda la Escritura, como por ejemplo, agua, roca, cordero, \u00e1rbol, etc., vali\u00e9ndose de la ayuda de un diccionario b\u00edblico.<\/p>\n<p>Cada celebraci\u00f3n es preparada y animada por un peque\u00f1o grupo de la comunidad. A trav\u00e9s de las preparaciones y celebraciones, los hermanos son progresivamente iniciados en el lenguaje b\u00edblico y en el conocimiento de la Escritura, en un clima celebrativo y de escucha.<\/p>\n<p>Es presidida por el p\u00e1rroco o por el presb\u00edtero de la comunidad. Las lecturas son precedidas por unas breves moniciones que ayudan a los hermanos a poner su vida a la luz de la palabra, l\u00e1mpara para nuestros pasos y seguidas por cantos o salmos. Antes de la homil\u00eda el presidente invita a los hermanos a expresar brevemente c\u00f3mo la palabra ha iluminado su vida. Despu\u00e9s, en la homil\u00eda, el presb\u00edtero recoge los ecos de los hermanos y nutre a la comunidad, partiendo para ella el pan de la palabra.<\/p>\n<p>Cada semana la comunidad inaugura el d\u00eda del Se\u00f1or celebrando la <span style=\"color: #993366;\">eucarist\u00eda<\/span> despu\u00e9s de las primeras v\u00edsperas del domingo. Un grupo de hermanos se encarga de preparar la celebraci\u00f3n, junto con el presb\u00edtero: moniciones a las lecturas, cantos, oraciones, etc. As\u00ed cada semana la victoria de Cristo sobre la muerte viene a buscar a los hermanos en camino d\u00e1ndoles \u00e1nimo y alimentando su esperanza frente a los acontecimientos de muerte de cada d\u00eda.<\/p>\n<p>Un domingo al mes la comunidad se re\u00fane en <span style=\"color: #993366;\">convivencia<\/span> (retiro espiritual). Por la ma\u00f1ana celebra los Laudes; despu\u00e9s de comer juntos, cada hermano da su experiencia de c\u00f3mo la acci\u00f3n de Dios incide en su realidad concreta: familia, vida de comunidad, trabajo, sociedad, etc.\u201d<\/p><\/blockquote>\n<p>(Extra\u00eddo de la catequesis de Kiko Arg\u00fcello sobre el Camino Neocatecumenal. Roma, 2 de febrero de 1999).<\/p>\n<p>Las catequesis de inicio del Camino Neocatecumenal para adultos y j\u00f3venes se imparten una vez al a\u00f1o, normalmente en oto\u00f1o o en los primeros meses del a\u00f1o. En el sitio web <a href=\"http:\/\/www.neocatechumenaleiter.org\" target=\"_blank\" rel=\"noopener\">http:\/\/www.neocatechumenaleiter.org<\/a>\u00a0se puede encontrar informaci\u00f3n adicional y noticias de inter\u00e9s sobre el Camino Neocatecumenal.<\/p>\n<p>Si necesitas encontrar el sentido profundo de tu existencia o simplemente quieres profundizar y desarrollar tu fe, ponte en contacto con el despacho parroquial y d\u00e9janos tus datos de contacto: te avisaremos cuando se anuncien las pr\u00f3ximas catequesis.<\/p>\n<h4>Algunos enlaces adicionales de inter\u00e9s<\/h4>\n<ul>\n<li><a href=\"https:\/\/w2.vatican.va\/content\/paul-vi\/it\/audiences\/1977\/documents\/hf_p-vi_aud_19770112.html\" target=\"_blank\" rel=\"noopener noreferrer\">Catequesis del Papa Pablo VI al Camino Neocatecumenal en la Audiencia General del mi\u00e9rcoles 12 de enero de 1977<\/a>.<\/li>\n<li><a href=\"https:\/\/w2.vatican.va\/content\/john-paul-ii\/es\/speeches\/2002\/september\/documents\/hf_jp-ii_spe_20020921_cammino-neocatecumenale.html\" target=\"_blank\" rel=\"noopener noreferrer\">Discurso del Papa san Juan Pablo II a catequistas y presb\u00edteros del Camino Neocatecumenal con ocasi\u00f3n de la aprobaci\u00f3n de sus estatutos<\/a>.<\/li>\n<\/ul>\n<p>&nbsp;<\/p>\n<p>&nbsp;<\/p>\n","protected":false},"excerpt":{"rendered":"<p>Actualmente, es una pr\u00e1ctica com\u00fan bautizar a los ni\u00f1os durante los primeros meses de vida, fundamentado en la fe de la Iglesia en general y de sus padres y padrinos &hellip; <a href=\"https:\/\/www.parroquiavirgendelcortijo.es\/?page_id=676\" class=\"more-link\">Seguir leyendo <span class=\"screen-reader-text\">Catequesis de adultos \/ Camino Neocatecumenal<\/span> <span class=\"meta-nav\">&rarr;<\/span><\/a><\/p>\n","protected":false},"author":1,"featured_media":922,"parent":2594,"menu_order":1,"comment_status":"closed","ping_status":"closed","template":"","meta":{"footnotes":""},"class_list":["post-676","page","type-page","status-publish","has-post-thumbnail","hentry"],"_links":{"self":[{"href":"https:\/\/www.parroquiavirgendelcortijo.es\/index.php?rest_route=\/wp\/v2\/pages\/676","targetHints":{"allow":["GET"]}}],"collection":[{"href":"https:\/\/www.parroquiavirgendelcortijo.es\/index.php?rest_route=\/wp\/v2\/pages"}],"about":[{"href":"https:\/\/www.parroquiavirgendelcortijo.es\/index.php?rest_route=\/wp\/v2\/types\/page"}],"author":[{"embeddable":true,"href":"https:\/\/www.parroquiavirgendelcortijo.es\/index.php?rest_route=\/wp\/v2\/users\/1"}],"replies":[{"embeddable":true,"href":"https:\/\/www.parroquiavirgendelcortijo.es\/index.php?rest_route=%2Fwp%2Fv2%2Fcomments&post=676"}],"version-history":[{"count":7,"href":"https:\/\/www.parroquiavirgendelcortijo.es\/index.php?rest_route=\/wp\/v2\/pages\/676\/revisions"}],"predecessor-version":[{"id":2628,"href":"https:\/\/www.parroquiavirgendelcortijo.es\/index.php?rest_route=\/wp\/v2\/pages\/676\/revisions\/2628"}],"up":[{"embeddable":true,"href":"https:\/\/www.parroquiavirgendelcortijo.es\/index.php?rest_route=\/wp\/v2\/pages\/2594"}],"wp:featuredmedia":[{"embeddable":true,"href":"https:\/\/www.parroquiavirgendelcortijo.es\/index.php?rest_route=\/wp\/v2\/media\/922"}],"wp:attachment":[{"href":"https:\/\/www.parroquiavirgendelcortijo.es\/index.php?rest_route=%2Fwp%2Fv2%2Fmedia&parent=676"}],"curies":[{"name":"wp","href":"https:\/\/api.w.org\/{rel}","templated":true}]}}