{"id":49,"date":"2015-02-21T00:55:18","date_gmt":"2015-02-21T00:55:18","guid":{"rendered":"http:\/\/parroqui.cluster015.ovh.net\/?page_id=49"},"modified":"2025-10-09T13:19:37","modified_gmt":"2025-10-09T11:19:37","slug":"horarios","status":"publish","type":"page","link":"https:\/\/www.parroquiavirgendelcortijo.es\/?page_id=49","title":{"rendered":"Horarios"},"content":{"rendered":"<hr \/>\n<h1>Eucarist\u00edas<\/h1>\n<h3>Invierno (del 1 de septiembre al 31 de mayo)<\/h3>\n<ul>\n<li><strong>De lunes a viernes<\/strong>\n<ul>\n<li><span class=\"color_23\">10:00<\/span><\/li>\n<li><span class=\"color_23\">19:00<\/span><\/li>\n<\/ul>\n<\/li>\n<li><strong>S\u00e1bados y v\u00edsperas de festivos<\/strong>\n<ul>\n<li><span class=\"color_23\">19:00<\/span><\/li>\n<li>20:30 &#8211; Camino Neocatecumenal<\/li>\n<\/ul>\n<\/li>\n<li><strong>Domingos y festivos<\/strong>\n<ul>\n<li><span class=\"color_23\">10:00<\/span><\/li>\n<li><span class=\"color_23\">12:00 &#8211; Misa de familia<\/span><\/li>\n<li><span class=\"color_23\">13:00<\/span><\/li>\n<li><span class=\"color_23\">20:00<\/span><\/li>\n<\/ul>\n<\/li>\n<\/ul>\n<p>Domingos y festivos de precepto, en el <a href=\"https:\/\/www.hmsanchinarro.com\/\">Hospital HM Sanchinarro<\/a>: 11:00.<\/p>\n<h3>Verano (del 1 al 30 de junio)<\/h3>\n<ul>\n<li><strong>De lunes a viernes<\/strong>\n<ul>\n<li><span class=\"color_23\">10:00<\/span><\/li>\n<li><span class=\"color_23\">20:00<\/span><\/li>\n<\/ul>\n<\/li>\n<li><strong>S\u00e1bados y v\u00edsperas de festivos<\/strong>\n<ul>\n<li><span class=\"color_23\">20:00<\/span><\/li>\n<\/ul>\n<\/li>\n<li><strong>Domingos y festivos<\/strong>\n<ul>\n<li><span class=\"color_23\">10:00<\/span><\/li>\n<li><span class=\"color_23\">12:00 &#8211; misa de familia<\/span><\/li>\n<li><span class=\"color_23\">20:00<\/span><\/li>\n<\/ul>\n<\/li>\n<\/ul>\n<h3>Verano (del 1 de julio al 31 de agosto)<\/h3>\n<ul>\n<li><strong>De lunes a viernes<\/strong>\n<ul>\n<li><span class=\"color_23\">20:00<\/span><\/li>\n<\/ul>\n<\/li>\n<li><strong>S\u00e1bados y v\u00edsperas de festivos<\/strong>\n<ul>\n<li><span class=\"color_23\">20:00<\/span><\/li>\n<\/ul>\n<\/li>\n<li><strong>Domingos y festivos<\/strong>\n<ul>\n<li><span class=\"color_23\">10:00<\/span><\/li>\n<li><span class=\"color_23\">12:00 &#8211; misa de familia<\/span><\/li>\n<li><span class=\"color_23\">20:00<\/span><\/li>\n<\/ul>\n<\/li>\n<\/ul>\n<p>En los meses de verano <strong>NO<\/strong> hay misa el <a href=\"https:\/\/www.hmsanchinarro.com\/\">Hospital HM Sanchinarro<\/a>.<\/p>\n<h1>Despacho parroquial<\/h1>\n<h3>Invierno (del 1 de septiembre al 31 de mayo)<\/h3>\n<ul>\n<li><strong>Ma\u00f1anas<\/strong>: de lunes a viernes, de 10:30 a 12:30<\/li>\n<li><strong>Tardes<\/strong>: de lunes a viernes, de 17:30 a 18:30<\/li>\n<\/ul>\n<h3>Verano (del 1 al 30 de junio)<\/h3>\n<ul>\n<li><strong>Ma\u00f1anas<\/strong>: de lunes a viernes, de 10:30 a 12:30<\/li>\n<li><strong>Tardes<\/strong>: de lunes a viernes, de 17:30 a 18:30<\/li>\n<\/ul>\n<h3>Verano (del 1 de julio al 31 de agosto)<\/h3>\n<ul>\n<li><strong>Tardes<\/strong>: de lunes a viernes, de 18:30 a 19:30<\/li>\n<\/ul>\n<h3><span style=\"font-size: 26px;\">Apertura del templo<\/span><\/h3>\n<p>De 9:30 a 12:30 y de 17:30 a 20:30.<\/p>\n<h1>Confesiones<\/h1>\n<p>Media hora antes de las misas o siempre que lo necesites, \u00a1s\u00f3lo ac\u00e9rcate al despacho parroquial!<\/p>\n<h1>C\u00e1ritas: acogida<\/h1>\n<p>Mi\u00e9rcoles, de 10:30 a 13:00.<\/p>\n<p>&nbsp;<\/p>\n<p><strong>\u00bfQuieres hacer una donaci\u00f3n a la parroquia? <a href=\"https:\/\/www.parroquiavirgendelcortijo.es\/?p=2100\">Aqu\u00ed<\/a> tienes c\u00f3mo.<\/strong><\/p>\n","protected":false},"excerpt":{"rendered":"<p>Eucarist\u00edas Invierno (del 1 de septiembre al 31 de mayo) De lunes a viernes 10:00 19:00 S\u00e1bados y v\u00edsperas de festivos 19:00 20:30 &#8211; Camino Neocatecumenal Domingos y festivos 10:00 &hellip; <a href=\"https:\/\/www.parroquiavirgendelcortijo.es\/?page_id=49\" class=\"more-link\">Seguir leyendo <span class=\"screen-reader-text\">Horarios<\/span> <span class=\"meta-nav\">&rarr;<\/span><\/a><\/p>\n","protected":false},"author":1,"featured_media":0,"parent":0,"menu_order":20,"comment_status":"closed","ping_status":"closed","template":"","meta":{"footnotes":""},"class_list":["post-49","page","type-page","status-publish","hentry"],"_links":{"self":[{"href":"https:\/\/www.parroquiavirgendelcortijo.es\/index.php?rest_route=\/wp\/v2\/pages\/49","targetHints":{"allow":["GET"]}}],"collection":[{"href":"https:\/\/www.parroquiavirgendelcortijo.es\/index.php?rest_route=\/wp\/v2\/pages"}],"about":[{"href":"https:\/\/www.parroquiavirgendelcortijo.es\/index.php?rest_route=\/wp\/v2\/types\/page"}],"author":[{"embeddable":true,"href":"https:\/\/www.parroquiavirgendelcortijo.es\/index.php?rest_route=\/wp\/v2\/users\/1"}],"replies":[{"embeddable":true,"href":"https:\/\/www.parroquiavirgendelcortijo.es\/index.php?rest_route=%2Fwp%2Fv2%2Fcomments&post=49"}],"version-history":[{"count":21,"href":"https:\/\/www.parroquiavirgendelcortijo.es\/index.php?rest_route=\/wp\/v2\/pages\/49\/revisions"}],"predecessor-version":[{"id":3729,"href":"https:\/\/www.parroquiavirgendelcortijo.es\/index.php?rest_route=\/wp\/v2\/pages\/49\/revisions\/3729"}],"wp:attachment":[{"href":"https:\/\/www.parroquiavirgendelcortijo.es\/index.php?rest_route=%2Fwp%2Fv2%2Fmedia&parent=49"}],"curies":[{"name":"wp","href":"https:\/\/api.w.org\/{rel}","templated":true}]}}