{"id":2610,"date":"2021-10-23T18:36:50","date_gmt":"2021-10-23T16:36:50","guid":{"rendered":"https:\/\/www.parroquiavirgendelcortijo.es\/?page_id=2610"},"modified":"2021-10-23T18:38:08","modified_gmt":"2021-10-23T16:38:08","slug":"posconfirmacion-padrinos","status":"publish","type":"page","link":"https:\/\/www.parroquiavirgendelcortijo.es\/?page_id=2610","title":{"rendered":"Posconfirmaci\u00f3n (padrinos)"},"content":{"rendered":"<div>\n<div>Es de sobra conocido que muchos <span style=\"color: #993366;\">j\u00f3venes<\/span>, una vez recibido el Sacramento de la Confirmaci\u00f3n, \u201caparcan\u201d su fe y reclaman con todas sus fuerzas su autonom\u00eda moral, su derecho a decidir por s\u00ed mismos. Es el momento de la <span style=\"color: #993366;\">adolescencia<\/span>: el despertar del mecanismo\u00a0sexual, la rebeld\u00eda a la autoridad establecida, la endogamia generacional, etc. junto a la enorme presi\u00f3n social que pretende imponer un modelo de sociedad intr\u00ednsecamente anticristiano y que configuran un problema muy dif\u00edcil de manejar.<\/div>\n<div><\/div>\n<div>Muchos medios de comunicaci\u00f3n y una parte importante de la sociedad presentan <span style=\"color: #993366;\">la familia cristiana<\/span> como un modelo superado y obsoleto que coarta la libertad individual, tanto de los padres como de los hijos, y que debe evolucionar a configuraciones m\u00e1s abiertas. Escribe Dostoievski en su novela \u2018El Idiota\u2019: \u201cL<em>a belleza salvar\u00e1 el mundo<\/em>\u201d. \u00bfQu\u00e9 belleza? La respuesta cristiana es rotunda: <span style=\"color: #993366;\">la belleza del amor en la familia cristiana<\/span>.<\/div>\n<div><\/div>\n<div>Entonces, \u00bfc\u00f3mo mostrar esta belleza a los j\u00f3venes adolescentes? Su propia familia no es un referente para ellos en este momento; sus profesores intentan coartar su libertad; sus amigos tienen el mismo problema que ellos; el relativismo les empuja a la b\u00fasqueda incesante del placer inmediato; la catequesis \u201ccl\u00e1sica\u201d se ha demostrado como ineficaz.<\/div>\n<h1>\u00bfQu\u00e9 hacer?<\/h1>\n<div>La Pastoral que propone la Parroquia de Virgen del Cortijo se ha demostrado como un medio eficaz para los j\u00f3venes adolescentes que disfrutan de su tiempo mientras aprenden lo que es la familia cristiana. Los j\u00f3venes se estructuran en grupos de 6-8 con un presb\u00edtero\u00a0y un matrimonio de su confianza que conforme con sus hijos una aut\u00e9ntica familia cristiana.<\/div>\n<div><\/div>\n<\/div>\n<div>\n<div>\n<h1>\u00bfCu\u00e1ndo nos reunimos?<\/h1>\n<div>La din\u00e1mica de la pastoral se orquesta alrededor de <span style=\"color: #993366;\">temas b\u00e1sicos de fe<\/span>, sobre los que se profundiza durante un mes: <span style=\"color: #993366;\">Los Mandamientos de la Ley de Dios, las Virtudes, los Pecados Capitales, las Obras de misericordia, etc.<\/span><\/div>\n<div><\/div>\n<div>Se re\u00fanen los <span style=\"color: #993366;\">VIERNES POR LA TARDE<\/span>, para empezar la diversi\u00f3n del fin de semana poniendo al Se\u00f1or en el centro de la vida. Tres viernes del mes se re\u00fanen en las casas de los\u00a0matrimonios que llevan la pastoral y el cuarto en la Parroquia, donde asisten a una<\/div>\n<div>Celebraci\u00f3n Lit\u00fargica de la Palabra y donde se les ofrece un espacio especial para el Sacramento de la Reconciliaci\u00f3n.<\/div>\n<h1>\u00bfQui\u00e9nes nos reunimos?<\/h1>\n<div>Los <span style=\"color: #993366;\">matrimonios<\/span> encargados de cada grupo lo moderan y sirven de catalizadores que favorecen el di\u00e1logo y el intercambio de opiniones entre los j\u00f3venes. No son catequistas, ni educadores, ni amigos, solo familia cristiana. Y los mismos j\u00f3venes, viendo esta realidad y<\/div>\n<div>dialogando entre ellos avanzan en la fe y van conociendo a Cristo resucitado.<\/div>\n<h1>Campamento de verano<\/h1>\n<div>Por \u00faltimo, como clausura de cada curso acad\u00e9mico, juntos los j\u00f3venes de todos los grupos con los presb\u00edteros y los matrimonios de la Pastoral, asisten a un <span style=\"color: #993366;\">campamento<\/span>. Se concilia la labor catequ\u00e9tica necesaria para afrontar las vacaciones con m\u00faltiples actividades\u00a0l\u00fadicas y deportivas que hacen que el campamento tenga un \u00e9xito enorme.<\/div>\n<\/div>\n<\/div>\n","protected":false},"excerpt":{"rendered":"<p>Es de sobra conocido que muchos j\u00f3venes, una vez recibido el Sacramento de la Confirmaci\u00f3n, \u201caparcan\u201d su fe y reclaman con todas sus fuerzas su autonom\u00eda moral, su derecho a &hellip; <a href=\"https:\/\/www.parroquiavirgendelcortijo.es\/?page_id=2610\" class=\"more-link\">Seguir leyendo <span class=\"screen-reader-text\">Posconfirmaci\u00f3n (padrinos)<\/span> <span class=\"meta-nav\">&rarr;<\/span><\/a><\/p>\n","protected":false},"author":1,"featured_media":0,"parent":2599,"menu_order":4,"comment_status":"closed","ping_status":"closed","template":"","meta":{"footnotes":""},"class_list":["post-2610","page","type-page","status-publish","hentry"],"_links":{"self":[{"href":"https:\/\/www.parroquiavirgendelcortijo.es\/index.php?rest_route=\/wp\/v2\/pages\/2610","targetHints":{"allow":["GET"]}}],"collection":[{"href":"https:\/\/www.parroquiavirgendelcortijo.es\/index.php?rest_route=\/wp\/v2\/pages"}],"about":[{"href":"https:\/\/www.parroquiavirgendelcortijo.es\/index.php?rest_route=\/wp\/v2\/types\/page"}],"author":[{"embeddable":true,"href":"https:\/\/www.parroquiavirgendelcortijo.es\/index.php?rest_route=\/wp\/v2\/users\/1"}],"replies":[{"embeddable":true,"href":"https:\/\/www.parroquiavirgendelcortijo.es\/index.php?rest_route=%2Fwp%2Fv2%2Fcomments&post=2610"}],"version-history":[{"count":3,"href":"https:\/\/www.parroquiavirgendelcortijo.es\/index.php?rest_route=\/wp\/v2\/pages\/2610\/revisions"}],"predecessor-version":[{"id":2613,"href":"https:\/\/www.parroquiavirgendelcortijo.es\/index.php?rest_route=\/wp\/v2\/pages\/2610\/revisions\/2613"}],"up":[{"embeddable":true,"href":"https:\/\/www.parroquiavirgendelcortijo.es\/index.php?rest_route=\/wp\/v2\/pages\/2599"}],"wp:attachment":[{"href":"https:\/\/www.parroquiavirgendelcortijo.es\/index.php?rest_route=%2Fwp%2Fv2%2Fmedia&parent=2610"}],"curies":[{"name":"wp","href":"https:\/\/api.w.org\/{rel}","templated":true}]}}