{"id":2599,"date":"2021-10-23T17:56:31","date_gmt":"2021-10-23T15:56:31","guid":{"rendered":"https:\/\/www.parroquiavirgendelcortijo.es\/?page_id=2599"},"modified":"2021-10-23T19:18:18","modified_gmt":"2021-10-23T17:18:18","slug":"sacramentos","status":"publish","type":"page","link":"https:\/\/www.parroquiavirgendelcortijo.es\/?page_id=2599","title":{"rendered":"Sacramentos"},"content":{"rendered":"<ul>\n<li><a href=\"http:\/\/www.parroquiavirgendelcortijo.es\/?page_id=654\">Bautismo<\/a><\/li>\n<li><a href=\"http:\/\/www.parroquiavirgendelcortijo.es\/?page_id=2603\">Penitencia (confesiones)<\/a><\/li>\n<li>Sacramentos de iniciaci\u00f3n cristiana\n<ul>\n<li><a href=\"http:\/\/www.parroquiavirgendelcortijo.es\/?page_id=426\">Primera comuni\u00f3n y confirmaci\u00f3n. Modalidad oratorio<\/a><\/li>\n<li><a href=\"http:\/\/www.parroquiavirgendelcortijo.es\/?page_id=2610\">Posconfirmaci\u00f3n (pastoral de padrinos)<\/a><\/li>\n<\/ul>\n<\/li>\n<li><a href=\"http:\/\/www.parroquiavirgendelcortijo.es\/?page_id=2614\">Matrimonio<\/a>\n<ul>\n<li>Cursillo prematrimonial<\/li>\n<li>Prepara tu boda: pasos a seguir y documentos<\/li>\n<\/ul>\n<\/li>\n<\/ul>\n","protected":false},"excerpt":{"rendered":"<p>Bautismo Penitencia (confesiones) Sacramentos de iniciaci\u00f3n cristiana Primera comuni\u00f3n y confirmaci\u00f3n. Modalidad oratorio Posconfirmaci\u00f3n (pastoral de padrinos) Matrimonio Cursillo prematrimonial Prepara tu boda: pasos a seguir y documentos<\/p>\n","protected":false},"author":1,"featured_media":0,"parent":0,"menu_order":0,"comment_status":"closed","ping_status":"closed","template":"","meta":{"footnotes":""},"class_list":["post-2599","page","type-page","status-publish","hentry"],"_links":{"self":[{"href":"https:\/\/www.parroquiavirgendelcortijo.es\/index.php?rest_route=\/wp\/v2\/pages\/2599","targetHints":{"allow":["GET"]}}],"collection":[{"href":"https:\/\/www.parroquiavirgendelcortijo.es\/index.php?rest_route=\/wp\/v2\/pages"}],"about":[{"href":"https:\/\/www.parroquiavirgendelcortijo.es\/index.php?rest_route=\/wp\/v2\/types\/page"}],"author":[{"embeddable":true,"href":"https:\/\/www.parroquiavirgendelcortijo.es\/index.php?rest_route=\/wp\/v2\/users\/1"}],"replies":[{"embeddable":true,"href":"https:\/\/www.parroquiavirgendelcortijo.es\/index.php?rest_route=%2Fwp%2Fv2%2Fcomments&post=2599"}],"version-history":[{"count":3,"href":"https:\/\/www.parroquiavirgendelcortijo.es\/index.php?rest_route=\/wp\/v2\/pages\/2599\/revisions"}],"predecessor-version":[{"id":2627,"href":"https:\/\/www.parroquiavirgendelcortijo.es\/index.php?rest_route=\/wp\/v2\/pages\/2599\/revisions\/2627"}],"wp:attachment":[{"href":"https:\/\/www.parroquiavirgendelcortijo.es\/index.php?rest_route=%2Fwp%2Fv2%2Fmedia&parent=2599"}],"curies":[{"name":"wp","href":"https:\/\/api.w.org\/{rel}","templated":true}]}}