{"id":2594,"date":"2021-10-23T17:50:19","date_gmt":"2021-10-23T15:50:19","guid":{"rendered":"https:\/\/www.parroquiavirgendelcortijo.es\/?page_id=2594"},"modified":"2021-10-23T20:26:45","modified_gmt":"2021-10-23T18:26:45","slug":"grupos","status":"publish","type":"page","link":"https:\/\/www.parroquiavirgendelcortijo.es\/?page_id=2594","title":{"rendered":"Grupos"},"content":{"rendered":"<p>La parroquia cuenta con los siguientes grupos:<\/p>\n<ul>\n<li><a href=\"http:\/\/www.parroquiavirgendelcortijo.es\/?page_id=676\">Catequesis de adultos \/ Camino Neocatecumenal<\/a><\/li>\n<li><a href=\"http:\/\/www.parroquiavirgendelcortijo.es\/?page_id=1134\">Grupo de adoraci\u00f3n<\/a> (viernes) &#8211; <a href=\"http:\/\/www.parroquiavirgendelcortijo.es\/?page_id=2629\">Exposici\u00f3n del Sant\u00edsimo<\/a> (jueves)<\/li>\n<li><a href=\"http:\/\/www.parroquiavirgendelcortijo.es\/?page_id=690\">Adoraci\u00f3n nocturna<\/a> (viernes)<\/li>\n<\/ul>\n","protected":false},"excerpt":{"rendered":"<p>La parroquia cuenta con los siguientes grupos: Catequesis de adultos \/ Camino Neocatecumenal Grupo de adoraci\u00f3n (viernes) &#8211; Exposici\u00f3n del Sant\u00edsimo (jueves) Adoraci\u00f3n nocturna (viernes)<\/p>\n","protected":false},"author":1,"featured_media":0,"parent":0,"menu_order":0,"comment_status":"closed","ping_status":"closed","template":"","meta":{"footnotes":""},"class_list":["post-2594","page","type-page","status-publish","hentry"],"_links":{"self":[{"href":"https:\/\/www.parroquiavirgendelcortijo.es\/index.php?rest_route=\/wp\/v2\/pages\/2594","targetHints":{"allow":["GET"]}}],"collection":[{"href":"https:\/\/www.parroquiavirgendelcortijo.es\/index.php?rest_route=\/wp\/v2\/pages"}],"about":[{"href":"https:\/\/www.parroquiavirgendelcortijo.es\/index.php?rest_route=\/wp\/v2\/types\/page"}],"author":[{"embeddable":true,"href":"https:\/\/www.parroquiavirgendelcortijo.es\/index.php?rest_route=\/wp\/v2\/users\/1"}],"replies":[{"embeddable":true,"href":"https:\/\/www.parroquiavirgendelcortijo.es\/index.php?rest_route=%2Fwp%2Fv2%2Fcomments&post=2594"}],"version-history":[{"count":4,"href":"https:\/\/www.parroquiavirgendelcortijo.es\/index.php?rest_route=\/wp\/v2\/pages\/2594\/revisions"}],"predecessor-version":[{"id":2651,"href":"https:\/\/www.parroquiavirgendelcortijo.es\/index.php?rest_route=\/wp\/v2\/pages\/2594\/revisions\/2651"}],"wp:attachment":[{"href":"https:\/\/www.parroquiavirgendelcortijo.es\/index.php?rest_route=%2Fwp%2Fv2%2Fmedia&parent=2594"}],"curies":[{"name":"wp","href":"https:\/\/api.w.org\/{rel}","templated":true}]}}