{"id":2,"date":"2015-02-11T21:39:44","date_gmt":"2015-02-11T21:39:44","guid":{"rendered":"http:\/\/parroqui.cluster015.ovh.net\/?page_id=2"},"modified":"2022-09-20T14:04:11","modified_gmt":"2022-09-20T12:04:11","slug":"pagina-ejemplo","status":"publish","type":"page","link":"https:\/\/www.parroquiavirgendelcortijo.es\/?page_id=2","title":{"rendered":"Contacto"},"content":{"rendered":"<div id=\"WRchTxtv\" class=\"s2\" data-reactid=\".0.$SITE_ROOT.$SITE_STRUCTURE.$PAGES_CONTAINER.1.1.$SITE_PAGES.$c1uje.1.$WRchTxtv\">\n<h4 class=\"font_4\">Parroquia Virgen del Cortijo<\/h4>\n<\/div>\n<div id=\"WRchTxtw\" class=\"s2\" data-reactid=\".0.$SITE_ROOT.$SITE_STRUCTURE.$PAGES_CONTAINER.1.1.$SITE_PAGES.$c1uje.1.$WRchTxtw\">\n<p class=\"font_8\">Calle O\u00f1a, 91 B<br \/>\n28050<br \/>\nMadrid<\/p>\n<p><iframe loading=\"lazy\" style=\"border: 0;\" src=\"https:\/\/www.google.com\/maps\/embed?pb=!1m18!1m12!1m3!1d3034.4185319970265!2d-3.6651824485626934!3d40.488127159115926!2m3!1f0!2f0!3f0!3m2!1i1024!2i768!4f13.1!3m3!1m2!1s0xd422953263b6ba7%3A0x51b0b9ed29e90b71!2sParroquia%20Virgen%20del%20Cortijo!5e0!3m2!1ses!2ses!4v1645658036163!5m2!1ses!2ses\" width=\"400\" height=\"300\" allowfullscreen=\"allowfullscreen\"><\/iframe><\/p>\n<h4>Despacho parroquial<\/h4>\n<ul>\n<li><strong>Ma\u00f1anas<\/strong>: de martes a viernes, de 10:30 a 13:30<\/li>\n<li><strong>Tardes<\/strong>: martes, mi\u00e9rcoles y viernes de 17:30 a 18:30<\/li>\n<\/ul>\n<p class=\"font_8\">Correo electr\u00f3nico:\u00a0<a href=\"mailto:parroquia.virgendelcortijo@gmail.com\">parroquia.virgendelcortijo@gmail.com<\/a><\/p>\n<p class=\"font_8\">Tel: <a href=\"tel:+34917663081\">(+34) 91 766 30 81<\/a><\/p>\n<p>Visita nuestra p\u00e1gina en\u00a0<a title=\"P\u00e1gina de la parroquia Virgen del Corrijo en Facebook\" href=\"https:\/\/www.facebook.com\/parroquia.virgendelcortijo\" target=\"_blank\" rel=\"noopener\">Facebook<\/a>.<\/p>\n<p>S\u00edguenos\u00a0en Twitter <a class=\"twitter-follow-button\" href=\"https:\/\/twitter.com\/vdelcortijo\" data-show-count=\"false\">Follow @vdelcortijo<\/a><script async src=\"\/\/platform.twitter.com\/widgets.js\" charset=\"utf-8\"><\/script><\/p>\n<\/div>\n<p><strong>\u00bfQuieres hacer una donaci\u00f3n a la parroquia? <a href=\"https:\/\/www.parroquiavirgendelcortijo.es\/?p=2100\">Aqu\u00ed<\/a> tienes c\u00f3mo.<\/strong><\/p>\n","protected":false},"excerpt":{"rendered":"<p>Parroquia Virgen del Cortijo Calle O\u00f1a, 91 B 28050 Madrid Despacho parroquial Ma\u00f1anas: de martes a viernes, de 10:30 a 13:30 Tardes: martes, mi\u00e9rcoles y viernes de 17:30 a 18:30 &hellip; <a href=\"https:\/\/www.parroquiavirgendelcortijo.es\/?page_id=2\" class=\"more-link\">Seguir leyendo <span class=\"screen-reader-text\">Contacto<\/span> <span class=\"meta-nav\">&rarr;<\/span><\/a><\/p>\n","protected":false},"author":1,"featured_media":0,"parent":0,"menu_order":100,"comment_status":"closed","ping_status":"closed","template":"","meta":{"footnotes":""},"class_list":["post-2","page","type-page","status-publish","hentry"],"_links":{"self":[{"href":"https:\/\/www.parroquiavirgendelcortijo.es\/index.php?rest_route=\/wp\/v2\/pages\/2","targetHints":{"allow":["GET"]}}],"collection":[{"href":"https:\/\/www.parroquiavirgendelcortijo.es\/index.php?rest_route=\/wp\/v2\/pages"}],"about":[{"href":"https:\/\/www.parroquiavirgendelcortijo.es\/index.php?rest_route=\/wp\/v2\/types\/page"}],"author":[{"embeddable":true,"href":"https:\/\/www.parroquiavirgendelcortijo.es\/index.php?rest_route=\/wp\/v2\/users\/1"}],"replies":[{"embeddable":true,"href":"https:\/\/www.parroquiavirgendelcortijo.es\/index.php?rest_route=%2Fwp%2Fv2%2Fcomments&post=2"}],"version-history":[{"count":14,"href":"https:\/\/www.parroquiavirgendelcortijo.es\/index.php?rest_route=\/wp\/v2\/pages\/2\/revisions"}],"predecessor-version":[{"id":3018,"href":"https:\/\/www.parroquiavirgendelcortijo.es\/index.php?rest_route=\/wp\/v2\/pages\/2\/revisions\/3018"}],"wp:attachment":[{"href":"https:\/\/www.parroquiavirgendelcortijo.es\/index.php?rest_route=%2Fwp%2Fv2%2Fmedia&parent=2"}],"curies":[{"name":"wp","href":"https:\/\/api.w.org\/{rel}","templated":true}]}}