{"id":1134,"date":"2017-10-28T08:52:34","date_gmt":"2017-10-28T06:52:34","guid":{"rendered":"http:\/\/www.parroquiavirgendelcortijo.es\/?page_id=1134"},"modified":"2022-02-26T00:25:03","modified_gmt":"2022-02-25T23:25:03","slug":"adoracion-de-los-viernes","status":"publish","type":"page","link":"https:\/\/www.parroquiavirgendelcortijo.es\/?page_id=1134","title":{"rendered":"Grupo de adoraci\u00f3n (viernes)"},"content":{"rendered":"<p>En un mundo donde nos dejamos llevar por todo lo sensitivo, muchas veces en nuestro interior nos encontramos vac\u00edos pensando que nada tiene sentido. Quiz\u00e1s estamos en un momento donde creemos que estamos solos, o nos podemos sentir <span style=\"color: #993366;\">angustiados, tristes, desanimados&#8230;<\/span> Tal vez la vida exterior se nos presenta, de acuerdo con nuestras perspectivas, pero hay algo que todav\u00eda no nos termina de llenar del todo.<\/p>\n<p>\u00a1Es el momento de encontrarte con Cristo Eucarist\u00eda, que te espera en el Sagrario para entablar una relaci\u00f3n de intimidad personal, contigo \u00a1No eres t\u00fa, sino \u00c9l quien te espera y te busca para llenarte de Su Amor incondicional, para que te dejes amar por \u00c9l y por su Madre y Madre tuya, Mar\u00eda Reina de la Paz!<\/p>\n<p><span style=\"color: #993366;\">\u00a1Ven y ad\u00f3rale!<\/span> Experimentar\u00e1s en tu coraz\u00f3n la acci\u00f3n de Su Santo Esp\u00edritu que te espera para que puedas descansar en Su Sagrado Coraz\u00f3n de la mano de Mar\u00eda y tu coraz\u00f3n redundar\u00e1 en acci\u00f3n de gracias y alabanza que brotar\u00e1 de lo profundo de tu ser. Sentir\u00e1s la fuerza necesaria para ser su testigo y la alegr\u00eda y la paz que saldr\u00e1n de ti emanar\u00e1n de tal manera que quien est\u00e9 a tu lado sentir\u00e1n que Su Presencia Santa algo ha cambiado dentro de ti porque en tu interior algo te ha transformado para bien. Juan, 4, 23: \u201c<em>Pero la hora viene, y ahora es cuando los verdaderos adoradores adorar\u00e1n en esp\u00edritu y verdad porque ciertamente a los tales el Padre busca que le adoren<\/em>\u201d.<\/p>\n<p>Tambi\u00e9n <span style=\"color: #993366;\">Jes\u00fas necesita que le entregues tu amor pobre<\/span>. \u00a1Necesita de ti, aunque te sientas indigno y el mayor de los pecadores! Necesita que repares, que consueles a los Sagrados Corazones de Jes\u00fas y de Mar\u00eda por todas nuestras indiferencias e ingratitudes pese haber dado Su Vida por tus pecados, los m\u00edos y los de la humanidad entera. Les consuelas cuando escuchas y entras en Su Voluntad, cuando le dejas ser Dios en tu vida. Les consuelas cuando ofreces Su Pasi\u00f3n y Sus Dolores al Padre Celestial y crees, adoras y amas por los que no creen, no adoran y no aman. <span style=\"color: #993366;\">Reparas cuando intercedes y oras por aquellos que no conocen Su Amor<\/span>, que est\u00e1n alejados, que no pueden llevar el sufrimiento y a veces se desesperan porque entienden la religi\u00f3n como moral&#8230; \u00a1Entonces <span style=\"color: #993366;\">experimentar\u00e1s el Poder de la Oraci\u00f3n<\/span> y ser\u00e1s plenamente feliz permaneciendo unido en Sus Sagrados Corazones a Tu Santa Madre Iglesia, que Jes\u00fas ha creado para ti, y a la que amar\u00e1s incondicionalmente en el Amor de Dios \u00a1Como Jes\u00fas ama a Su Esposa!<\/p>\n<p><span style=\"color: #993366;\">NO TENGAS MIEDO, SOLO ENTREGA TU CORAZ\u00d3N Y DILE AL SE\u00d1OR: \u201c<em>H\u00c1GASE EN M\u00cd<\/em>\u201d.<\/span><\/p>\n<p><span style=\"color: #000000;\"><strong>Si quieres unirte a nosotros te esperamos los viernes de 19:30 a 20:30.<\/strong><\/span><\/p>\n<p><span style=\"color: #993366;\">\u00a1VEN Y AD\u00d3RALE! DIOS TE AMA Y TE ESPERA EN EL SAGRARIO.<\/span><\/p>\n<p>&nbsp;<\/p>\n<p><span style=\"color: #999999;\">Imagen de <a href=\"https:\/\/www.flickr.com\/photos\/sammali\/4202710818\/\">Rory McHarg<\/a>. Encuadre. Licencia: <a href=\"https:\/\/creativecommons.org\/licenses\/by-nc\/2.0\/deed.es\" target=\"_blank\" rel=\"noopener\">CC BY-NC 2.0<\/a>.<\/span><\/p>\n","protected":false},"excerpt":{"rendered":"<p>En un mundo donde nos dejamos llevar por todo lo sensitivo, muchas veces en nuestro interior nos encontramos vac\u00edos pensando que nada tiene sentido. Quiz\u00e1s estamos en un momento donde &hellip; <a href=\"https:\/\/www.parroquiavirgendelcortijo.es\/?page_id=1134\" class=\"more-link\">Seguir leyendo <span class=\"screen-reader-text\">Grupo de adoraci\u00f3n (viernes)<\/span> <span class=\"meta-nav\">&rarr;<\/span><\/a><\/p>\n","protected":false},"author":1,"featured_media":1135,"parent":2594,"menu_order":3,"comment_status":"closed","ping_status":"closed","template":"","meta":{"footnotes":""},"class_list":["post-1134","page","type-page","status-publish","has-post-thumbnail","hentry"],"_links":{"self":[{"href":"https:\/\/www.parroquiavirgendelcortijo.es\/index.php?rest_route=\/wp\/v2\/pages\/1134","targetHints":{"allow":["GET"]}}],"collection":[{"href":"https:\/\/www.parroquiavirgendelcortijo.es\/index.php?rest_route=\/wp\/v2\/pages"}],"about":[{"href":"https:\/\/www.parroquiavirgendelcortijo.es\/index.php?rest_route=\/wp\/v2\/types\/page"}],"author":[{"embeddable":true,"href":"https:\/\/www.parroquiavirgendelcortijo.es\/index.php?rest_route=\/wp\/v2\/users\/1"}],"replies":[{"embeddable":true,"href":"https:\/\/www.parroquiavirgendelcortijo.es\/index.php?rest_route=%2Fwp%2Fv2%2Fcomments&post=1134"}],"version-history":[{"count":7,"href":"https:\/\/www.parroquiavirgendelcortijo.es\/index.php?rest_route=\/wp\/v2\/pages\/1134\/revisions"}],"predecessor-version":[{"id":2880,"href":"https:\/\/www.parroquiavirgendelcortijo.es\/index.php?rest_route=\/wp\/v2\/pages\/1134\/revisions\/2880"}],"up":[{"embeddable":true,"href":"https:\/\/www.parroquiavirgendelcortijo.es\/index.php?rest_route=\/wp\/v2\/pages\/2594"}],"wp:featuredmedia":[{"embeddable":true,"href":"https:\/\/www.parroquiavirgendelcortijo.es\/index.php?rest_route=\/wp\/v2\/media\/1135"}],"wp:attachment":[{"href":"https:\/\/www.parroquiavirgendelcortijo.es\/index.php?rest_route=%2Fwp%2Fv2%2Fmedia&parent=1134"}],"curies":[{"name":"wp","href":"https:\/\/api.w.org\/{rel}","templated":true}]}}