{"id":1049,"date":"2017-10-08T08:03:40","date_gmt":"2017-10-08T06:03:40","guid":{"rendered":"http:\/\/www.parroquiavirgendelcortijo.es\/?page_id=1049"},"modified":"2025-10-09T13:19:00","modified_gmt":"2025-10-09T11:19:00","slug":"caritas","status":"publish","type":"page","link":"https:\/\/www.parroquiavirgendelcortijo.es\/?page_id=1049","title":{"rendered":"C\u00e1ritas"},"content":{"rendered":"<p>C\u00e1ritas Espa\u00f1a es la Confederaci\u00f3n Oficial de las Entidades de Acci\u00f3n Caritativa Social de la Iglesia Cat\u00f3lica, institu\u00edda por la Conferencia Episcopal.<\/p>\n<p>En nuestra Parroquia, Virgen de Cortijo, la Pastoral de C\u00e1ritas la componen 4 voluntarios que realizan la <span style=\"color: #993366;\">acogida los mi\u00e9rcoles, en horario de 10:30 a 12:30, con cita previa<\/span>. En este proyecto no s\u00f3lo se atiende a los m\u00e1s necesitados, tambi\u00e9n se realizan seguimientos de las familias, campa\u00f1as de alimentos, ayudas econ\u00f3micas (fondos sociales, fondos de emergencia, ayuda al empleo&#8230;), actividades de sensibilizaci\u00f3n, etc., lo que supone estar con estas familias m\u00e1s d\u00edas de la semana.<\/p>\n<p>En este momento, en la Parroquia <strong><span style=\"color: #993366;\">no se recoge ropa<\/span><\/strong>. Existen a su disposici\u00f3n contenedores rojos con el logotipo de C\u00e1ritas en los que se puede depositar:<\/p>\n<ul>\n<li><a href=\"https:\/\/es-es.facebook.com\/ParroquiaSanGabrielMadrid\/\" target=\"_blank\" rel=\"noopener\">Parroquia San Gabriel de la Dolorosa<\/a> &#8211; Calle Arte Paz, 4<\/li>\n<li><a href=\"https:\/\/www.facebook.com\/www.santamariadelpinar.archimadrid.es\/\" target=\"_blank\" rel=\"noopener\">Parroquia Santa Mar\u00eda del Pinar<\/a> &#8211; Calle Jazm\u00edn, 7<\/li>\n<li><a href=\"https:\/\/santamariadelbosque.es\/\">Parroquia Santa Mar\u00eda del Bosque<\/a> &#8211; Calle Manuel Uribe, 1 (esquina Arturo Soria 238)<\/li>\n<li>El Corte Ingles de Sanchinarro &#8211; la ubicaci\u00f3n del contenedor es en la entrada principal exterior (aparcamiento superior)<\/li>\n<\/ul>\n<p>La principal actividad de los voluntarios es escuchar los testimonios y as\u00ed poder comprender lo importante que es nuestra colaboraci\u00f3n y lo mucho que significamos para las personas m\u00e1s vulnerables, entre las cuales hay vidas que est\u00e1n a punto de cambiar.<\/p>\n<p>El voluntario est\u00e1 implicado al 100% y as\u00ed hace m\u00e1s f\u00e1cil la convivencia, viendo la necesidad del otro y sinti\u00e9ndola como suya. Todos somos necesarios.<\/p>\n<p>Sin la ayuda de <span style=\"color: #993366;\">CRISTO<\/span>, nos ser\u00eda dif\u00edcil conseguir los objetivos (fraternidad, entrega, compresi\u00f3n, igualdad, caridad, amor&#8230;), dado que estos valores son dones por el amor de Cristo.<\/p>\n<p><strong>Si desea colaborar con C\u00e1ritas Parroquial de Virgen del Cortijo, puede hacerlo en la siguiente cuenta corriente:<\/strong><\/p>\n<ul>\n<li><strong>Titular: Donativos Parroquia Virgen del Cortijo \u00abC\u00e1ritas\u00bb<\/strong><\/li>\n<li><strong>N\u00famero de Cuenta: ES20 2100 2709 6501 0031 9632 (CaixaBank)<\/strong><\/li>\n<\/ul>\n","protected":false},"excerpt":{"rendered":"<p>C\u00e1ritas Espa\u00f1a es la Confederaci\u00f3n Oficial de las Entidades de Acci\u00f3n Caritativa Social de la Iglesia Cat\u00f3lica, institu\u00edda por la Conferencia Episcopal. En nuestra Parroquia, Virgen de Cortijo, la Pastoral &hellip; <a href=\"https:\/\/www.parroquiavirgendelcortijo.es\/?page_id=1049\" class=\"more-link\">Seguir leyendo <span class=\"screen-reader-text\">C\u00e1ritas<\/span> <span class=\"meta-nav\">&rarr;<\/span><\/a><\/p>\n","protected":false},"author":1,"featured_media":386,"parent":60,"menu_order":3,"comment_status":"closed","ping_status":"closed","template":"","meta":{"footnotes":""},"class_list":["post-1049","page","type-page","status-publish","has-post-thumbnail","hentry"],"_links":{"self":[{"href":"https:\/\/www.parroquiavirgendelcortijo.es\/index.php?rest_route=\/wp\/v2\/pages\/1049","targetHints":{"allow":["GET"]}}],"collection":[{"href":"https:\/\/www.parroquiavirgendelcortijo.es\/index.php?rest_route=\/wp\/v2\/pages"}],"about":[{"href":"https:\/\/www.parroquiavirgendelcortijo.es\/index.php?rest_route=\/wp\/v2\/types\/page"}],"author":[{"embeddable":true,"href":"https:\/\/www.parroquiavirgendelcortijo.es\/index.php?rest_route=\/wp\/v2\/users\/1"}],"replies":[{"embeddable":true,"href":"https:\/\/www.parroquiavirgendelcortijo.es\/index.php?rest_route=%2Fwp%2Fv2%2Fcomments&post=1049"}],"version-history":[{"count":6,"href":"https:\/\/www.parroquiavirgendelcortijo.es\/index.php?rest_route=\/wp\/v2\/pages\/1049\/revisions"}],"predecessor-version":[{"id":3728,"href":"https:\/\/www.parroquiavirgendelcortijo.es\/index.php?rest_route=\/wp\/v2\/pages\/1049\/revisions\/3728"}],"up":[{"embeddable":true,"href":"https:\/\/www.parroquiavirgendelcortijo.es\/index.php?rest_route=\/wp\/v2\/pages\/60"}],"wp:featuredmedia":[{"embeddable":true,"href":"https:\/\/www.parroquiavirgendelcortijo.es\/index.php?rest_route=\/wp\/v2\/media\/386"}],"wp:attachment":[{"href":"https:\/\/www.parroquiavirgendelcortijo.es\/index.php?rest_route=%2Fwp%2Fv2%2Fmedia&parent=1049"}],"curies":[{"name":"wp","href":"https:\/\/api.w.org\/{rel}","templated":true}]}}